{"id":624,"date":"2021-04-12T17:42:57","date_gmt":"2021-04-12T15:42:57","guid":{"rendered":"https:\/\/www.berdorfer.lu\/?page_id=624"},"modified":"2022-05-24T13:13:56","modified_gmt":"2022-05-24T11:13:56","slug":"berdorfer","status":"publish","type":"page","link":"https:\/\/www.berdorfer.lu\/de\/produkte\/kaese\/berdorfer\/","title":{"rendered":"Berdorfer"},"content":{"rendered":"<div class=\"wpb-content-wrapper\"><p>[vc_row el_class=&#8220;topbox&#8220;][vc_column el_class=&#8220;breadcrump&#8220;]<style type=\"text\/css\" data-type=\"the7_shortcodes-inline-css\">.dt-breadcrumbs-id-c23c1c3c7c8e80d2bfe1ec5354fd3696 .breadcrumbs {\n  display: inline-block;\n  margin: 0;\n  padding: 0px 0px 0px 0px;\n  border: 0px solid ;\n  border-radius: 0px;\n}\n.dt-breadcrumbs-id-c23c1c3c7c8e80d2bfe1ec5354fd3696 .breadcrumbs * {\n  font-size: 16px;\n  line-height: 16px;\n  color: #5c3222;\n}<\/style><div class=\"dt-breadcrumbs-shortcode dt-breadcrumbs-id-c23c1c3c7c8e80d2bfe1ec5354fd3696 align-left\"><div class=\"assistive-text\">Sie befinden sich hier:<\/div><ol class=\"breadcrumbs text-small\" itemscope itemtype=\"https:\/\/schema.org\/BreadcrumbList\"><li itemprop=\"itemListElement\" itemscope itemtype=\"https:\/\/schema.org\/ListItem\"><a itemprop=\"item\" href=\"https:\/\/www.berdorfer.lu\/de\/\" title=\"Home\"><span itemprop=\"name\">Home<\/span><\/a><meta itemprop=\"position\" content=\"1\" \/><\/li><li class=\"current\" itemprop=\"itemListElement\" itemscope itemtype=\"https:\/\/schema.org\/ListItem\"><span itemprop=\"name\">Seite<\/span><meta itemprop=\"position\" content=\"2\" \/><\/li><\/ol><\/div>[\/vc_column][\/vc_row][vc_row][vc_column][vc_empty_space height=&#8220;50px&#8220;][\/vc_column][\/vc_row][vc_row][vc_column width=&#8220;1\/4&#8243;][\/vc_column][vc_column width=&#8220;1\/2&#8243;][vc_custom_heading text=&#8220;Berdorfer K\u00e4se&#8220; font_container=&#8220;tag:h1|text_align:center&#8220; use_theme_fonts=&#8220;yes&#8220;][vc_column_text]<\/p>\n<p style=\"text-align: center;\">Der Berdorfer ist der K\u00e4se, mit dem alles begonnen hat. Seit nunmehr \u00fcber 30 Jahren wird er auf traditionelle Art und Weise produziert. Dieser Bauernk\u00e4se wird aus Kuhmilch mit nat\u00fcrlichem Fettgehalt hergestellt.<\/p>\n<p>[\/vc_column_text][\/vc_column][vc_column width=&#8220;1\/4&#8243;][\/vc_column][\/vc_row][vc_row][vc_column][vc_empty_space height=&#8220;100px&#8220;][\/vc_column][\/vc_row][vc_row full_width=&#8220;stretch_row_content_no_spaces&#8220; css=&#8220;.vc_custom_1622222853748{background-color: rgba(255,234,150,0.3) !important;*background-color: rgb(255,234,150) !important;}&#8220;][vc_column][vc_row_inner content_placement=&#8220;middle&#8220;][vc_column_inner width=&#8220;1\/2&#8243;][vc_single_image image=&#8220;801&#8243; img_size=&#8220;full&#8220;][\/vc_column_inner][vc_column_inner el_class=&#8220;box&#8220; width=&#8220;1\/2&#8243;][vc_custom_heading text=&#8220;Berdorfer K\u00e4se&#8220; font_container=&#8220;tag:h2|font_size:70px|text_align:left&#8220; use_theme_fonts=&#8220;yes&#8220; css=&#8220;.vc_custom_1653390835251{margin-top: 0px !important;}&#8220; el_class=&#8220;kewl&#8220;][vc_custom_heading text=&#8220;Traditioneller Schnittk\u00e4se \u2013 hergestellt aus Kuhmilch&#8220; font_container=&#8220;tag:h4|text_align:left|color:%23336e82&#8243; use_theme_fonts=&#8220;yes&#8220; css=&#8220;.vc_custom_1653390769010{margin-top: 0px !important;}&#8220;][vc_column_text el_class=&#8220;bullet&#8220;]\u201eJung\u201c mit einer Reifezeit von 2 Monaten und mildem Geschmack oder mit einer Reifezeit von 24 Monaten und entsprechend kr\u00e4ftigerem Geschmack.[\/vc_column_text][\/vc_column_inner][\/vc_row_inner][\/vc_column][\/vc_row][vc_row][vc_column][vc_empty_space height=&#8220;100px&#8220;][\/vc_column][\/vc_row][vc_row full_width=&#8220;stretch_row_content_no_spaces&#8220; css=&#8220;.vc_custom_1618134459514{background-color: rgba(255,234,150,0.3) !important;*background-color: rgb(255,234,150) !important;}&#8220;][vc_column][vc_row_inner content_placement=&#8220;middle&#8220;][vc_column_inner el_class=&#8220;box&#8220; width=&#8220;1\/2&#8243;][vc_custom_heading text=&#8220;Mit Kr\u00e4utern verfeinert&#8220; font_container=&#8220;tag:h3|font_size:28px|text_align:left&#8220; use_theme_fonts=&#8220;yes&#8220; css=&#8220;.vc_custom_1653390783180{margin-top: 0px !important;}&#8220;][vc_column_text el_class=&#8220;bullet&#8220; css=&#8220;.vc_custom_1653390789389{padding-right: 20% !important;}&#8220;]Dieser K\u00e4se wird mit verschiedenen Kr\u00e4utern angeboten:[\/vc_column_text][vc_empty_space height=&#8220;16px&#8220;][vc_column_text el_class=&#8220;bullet&#8220; css=&#8220;.vc_custom_1653390805166{padding-right: 20% !important;}&#8220;]<\/p>\n<ul>\n<li>Italiano (Tomaten, Basilikum &#8230;)<\/li>\n<li>Fenugrec<\/li>\n<li>Kr\u00e4uter (Brennnessel, Petersilie &#8230;)<\/li>\n<li>Ku\u0308mmel<\/li>\n<li>Paprika<\/li>\n<li>Pfeffer<\/li>\n<li>Tru\u0308ffel<\/li>\n<\/ul>\n<p>[\/vc_column_text][\/vc_column_inner][vc_column_inner width=&#8220;1\/2&#8243;][vc_single_image image=&#8220;802&#8243; img_size=&#8220;full&#8220; alignment=&#8220;right&#8220;][\/vc_column_inner][\/vc_row_inner][\/vc_column][\/vc_row][vc_row][vc_column][vc_empty_space height=&#8220;50px&#8220;][\/vc_column][\/vc_row]<\/p>\n<\/div>","protected":false},"excerpt":{"rendered":"<p>[vc_row el_class=&#8220;topbox&#8220;][vc_column el_class=&#8220;breadcrump&#8220;][\/vc_column][\/vc_row][vc_row][vc_column][vc_empty_space height=&#8220;50px&#8220;][\/vc_column][\/vc_row][vc_row][vc_column width=&#8220;1\/4&#8243;][\/vc_column][vc_column width=&#8220;1\/2&#8243;][vc_custom_heading text=&#8220;Berdorfer K\u00e4se&#8220; font_container=&#8220;tag:h1|text_align:center&#8220; use_theme_fonts=&#8220;yes&#8220;][vc_column_text] Der Berdorfer ist der K\u00e4se, mit dem alles begonnen hat. Seit nunmehr \u00fcber 30 Jahren wird er auf traditionelle Art&hellip;<\/p>\n","protected":false},"author":1,"featured_media":0,"parent":335,"menu_order":0,"comment_status":"closed","ping_status":"closed","template":"","meta":{"_price":"","_stock":"","_tribe_ticket_header":"","_tribe_default_ticket_provider":"","_tribe_ticket_capacity":"0","_ticket_start_date":"","_ticket_end_date":"","_tribe_ticket_show_description":"","_tribe_ticket_show_not_going":false,"_tribe_ticket_use_global_stock":"","_tribe_ticket_global_stock_level":"","_global_stock_mode":"","_global_stock_cap":"","_tribe_rsvp_for_event":"","_tribe_ticket_going_count":"","_tribe_ticket_not_going_count":"","_tribe_tickets_list":"[]","_tribe_ticket_has_attendee_info_fields":false,"footnotes":"","_tec_slr_enabled":"","_tec_slr_layout":""},"class_list":["post-624","page","type-page","status-publish","hentry","description-off"],"ticketed":false,"_links":{"self":[{"href":"https:\/\/www.berdorfer.lu\/de\/wp-json\/wp\/v2\/pages\/624","targetHints":{"allow":["GET"]}}],"collection":[{"href":"https:\/\/www.berdorfer.lu\/de\/wp-json\/wp\/v2\/pages"}],"about":[{"href":"https:\/\/www.berdorfer.lu\/de\/wp-json\/wp\/v2\/types\/page"}],"author":[{"embeddable":true,"href":"https:\/\/www.berdorfer.lu\/de\/wp-json\/wp\/v2\/users\/1"}],"replies":[{"embeddable":true,"href":"https:\/\/www.berdorfer.lu\/de\/wp-json\/wp\/v2\/comments?post=624"}],"version-history":[{"count":10,"href":"https:\/\/www.berdorfer.lu\/de\/wp-json\/wp\/v2\/pages\/624\/revisions"}],"predecessor-version":[{"id":1985,"href":"https:\/\/www.berdorfer.lu\/de\/wp-json\/wp\/v2\/pages\/624\/revisions\/1985"}],"up":[{"embeddable":true,"href":"https:\/\/www.berdorfer.lu\/de\/wp-json\/wp\/v2\/pages\/335"}],"wp:attachment":[{"href":"https:\/\/www.berdorfer.lu\/de\/wp-json\/wp\/v2\/media?parent=624"}],"curies":[{"name":"wp","href":"https:\/\/api.w.org\/{rel}","templated":true}]}}