{"id":627,"date":"2021-04-12T17:44:49","date_gmt":"2021-04-12T15:44:49","guid":{"rendered":"https:\/\/www.berdorfer.lu\/?page_id=627"},"modified":"2022-05-24T13:16:30","modified_gmt":"2022-05-24T11:16:30","slug":"roude-bouf","status":"publish","type":"page","link":"https:\/\/www.berdorfer.lu\/de\/produkte\/kaese\/roude-bouf\/","title":{"rendered":"Roude Bouf"},"content":{"rendered":"<div class=\"wpb-content-wrapper\"><p>[vc_row el_class=&#8220;topbox&#8220;][vc_column el_class=&#8220;breadcrump&#8220;]<style type=\"text\/css\" data-type=\"the7_shortcodes-inline-css\">.dt-breadcrumbs-id-c23c1c3c7c8e80d2bfe1ec5354fd3696 .breadcrumbs {\n  display: inline-block;\n  margin: 0;\n  padding: 0px 0px 0px 0px;\n  border: 0px solid ;\n  border-radius: 0px;\n}\n.dt-breadcrumbs-id-c23c1c3c7c8e80d2bfe1ec5354fd3696 .breadcrumbs * {\n  font-size: 16px;\n  line-height: 16px;\n  color: #5c3222;\n}<\/style><div class=\"dt-breadcrumbs-shortcode dt-breadcrumbs-id-c23c1c3c7c8e80d2bfe1ec5354fd3696 align-left\"><div class=\"assistive-text\">Sie befinden sich hier:<\/div><ol class=\"breadcrumbs text-small\" itemscope itemtype=\"https:\/\/schema.org\/BreadcrumbList\"><li itemprop=\"itemListElement\" itemscope itemtype=\"https:\/\/schema.org\/ListItem\"><a itemprop=\"item\" href=\"https:\/\/www.berdorfer.lu\/de\/\" title=\"Home\"><span itemprop=\"name\">Home<\/span><\/a><meta itemprop=\"position\" content=\"1\" \/><\/li><li class=\"current\" itemprop=\"itemListElement\" itemscope itemtype=\"https:\/\/schema.org\/ListItem\"><span itemprop=\"name\">Seite<\/span><meta itemprop=\"position\" content=\"2\" \/><\/li><\/ol><\/div>[\/vc_column][\/vc_row][vc_row][vc_column][vc_empty_space height=&#8220;50px&#8220;][\/vc_column][\/vc_row][vc_row][vc_column width=&#8220;1\/4&#8243;][\/vc_column][vc_column width=&#8220;1\/2&#8243;][vc_custom_heading text=&#8220;Roude Bouf&#8220; font_container=&#8220;tag:h1|text_align:center&#8220; use_theme_fonts=&#8220;yes&#8220;][vc_column_text]<\/p>\n<p style=\"text-align: center;\">Es ist die au\u00dfergew\u00f6hnliche Frische, die diesen zart-cremigen und doch w\u00fcrzigen K\u00e4se so einzigartig macht.<\/p>\n<p>[\/vc_column_text][\/vc_column][vc_column width=&#8220;1\/4&#8243;][\/vc_column][\/vc_row][vc_row][vc_column][vc_empty_space height=&#8220;100px&#8220;][\/vc_column][\/vc_row][vc_row full_width=&#8220;stretch_row_content_no_spaces&#8220; css=&#8220;.vc_custom_1618134525176{background-color: rgba(255,234,150,0.3) !important;*background-color: rgb(255,234,150) !important;}&#8220;][vc_column][vc_row_inner content_placement=&#8220;middle&#8220;][vc_column_inner width=&#8220;1\/2&#8243;][vc_single_image image=&#8220;1020&#8243; img_size=&#8220;full&#8220;][\/vc_column_inner][vc_column_inner el_class=&#8220;box&#8220; width=&#8220;1\/2&#8243;][vc_custom_heading text=&#8220;Roude Bouf&#8220; font_container=&#8220;tag:h2|font_size:70px|text_align:left|color:%23d6361b&#8220; use_theme_fonts=&#8220;yes&#8220; css=&#8220;.vc_custom_1653390988938{margin-top: 0px !important;}&#8220; el_class=&#8220;kewl&#8220;][vc_custom_heading text=&#8220;Eigenkreation \u2013 oder K\u00e4serei Kreativ!&#8220; font_container=&#8220;tag:h4|text_align:left|color:%23336e82&#8243; use_theme_fonts=&#8220;yes&#8220; css=&#8220;.vc_custom_1653390916667{margin-top: 0px !important;}&#8220;][vc_column_text el_class=&#8220;bullet&#8220;]Der Roude Bouf, ein Meisterst\u00fcck des Hauses, der nach rund 6 Wochen seinen w\u00fcrzigen Geschmack entfaltet, findet immer besonderen Anklang.[\/vc_column_text][\/vc_column_inner][\/vc_row_inner][\/vc_column][\/vc_row][vc_row][vc_column][vc_empty_space height=&#8220;100px&#8220;][\/vc_column][\/vc_row][vc_row full_width=&#8220;stretch_row_content_no_spaces&#8220; css=&#8220;.vc_custom_1618134459514{background-color: rgba(255,234,150,0.3) !important;*background-color: rgb(255,234,150) !important;}&#8220;][vc_column][vc_row_inner content_placement=&#8220;middle&#8220;][vc_column_inner el_class=&#8220;box&#8220; width=&#8220;1\/2&#8243;][vc_column_text el_class=&#8220;bullet&#8220; css=&#8220;.vc_custom_1653390957328{padding-right: 20% !important;}&#8220;]Den Roude Bouf kann man auch als Raclette-K\u00e4se verwenden. Im Berdorfer Dorfladen werden unterschiedliche Variationen, z. B. mit Pfeffer, Chili oder Tru\u0308ffel angeboten. Sollten Sie noch kein richtiges Raclette- oder Fondueger\u00e4t besitzen, auch das finden Sie im Berdorfer Laden.[\/vc_column_text][\/vc_column_inner][vc_column_inner width=&#8220;1\/2&#8243;][vc_single_image image=&#8220;667&#8243; img_size=&#8220;full&#8220; alignment=&#8220;right&#8220;][\/vc_column_inner][\/vc_row_inner][\/vc_column][\/vc_row][vc_row][vc_column][vc_empty_space height=&#8220;50px&#8220;][\/vc_column][\/vc_row]<\/p>\n<\/div>","protected":false},"excerpt":{"rendered":"<p>[vc_row el_class=&#8220;topbox&#8220;][vc_column el_class=&#8220;breadcrump&#8220;][\/vc_column][\/vc_row][vc_row][vc_column][vc_empty_space height=&#8220;50px&#8220;][\/vc_column][\/vc_row][vc_row][vc_column width=&#8220;1\/4&#8243;][\/vc_column][vc_column width=&#8220;1\/2&#8243;][vc_custom_heading text=&#8220;Roude Bouf&#8220; font_container=&#8220;tag:h1|text_align:center&#8220; use_theme_fonts=&#8220;yes&#8220;][vc_column_text] Es ist die au\u00dfergew\u00f6hnliche Frische, die diesen zart-cremigen und doch w\u00fcrzigen K\u00e4se so einzigartig macht. [\/vc_column_text][\/vc_column][vc_column width=&#8220;1\/4&#8243;][\/vc_column][\/vc_row][vc_row][vc_column][vc_empty_space height=&#8220;100px&#8220;][\/vc_column][\/vc_row][vc_row full_width=&#8220;stretch_row_content_no_spaces&#8220; css=&#8220;.vc_custom_1618134525176{background-color:&hellip;<\/p>\n","protected":false},"author":1,"featured_media":0,"parent":335,"menu_order":0,"comment_status":"closed","ping_status":"closed","template":"","meta":{"_price":"","_stock":"","_tribe_ticket_header":"","_tribe_default_ticket_provider":"","_tribe_ticket_capacity":"0","_ticket_start_date":"","_ticket_end_date":"","_tribe_ticket_show_description":"","_tribe_ticket_show_not_going":false,"_tribe_ticket_use_global_stock":"","_tribe_ticket_global_stock_level":"","_global_stock_mode":"","_global_stock_cap":"","_tribe_rsvp_for_event":"","_tribe_ticket_going_count":"","_tribe_ticket_not_going_count":"","_tribe_tickets_list":"[]","_tribe_ticket_has_attendee_info_fields":false,"footnotes":"","_tec_slr_enabled":"","_tec_slr_layout":""},"class_list":["post-627","page","type-page","status-publish","hentry","description-off"],"ticketed":false,"_links":{"self":[{"href":"https:\/\/www.berdorfer.lu\/de\/wp-json\/wp\/v2\/pages\/627","targetHints":{"allow":["GET"]}}],"collection":[{"href":"https:\/\/www.berdorfer.lu\/de\/wp-json\/wp\/v2\/pages"}],"about":[{"href":"https:\/\/www.berdorfer.lu\/de\/wp-json\/wp\/v2\/types\/page"}],"author":[{"embeddable":true,"href":"https:\/\/www.berdorfer.lu\/de\/wp-json\/wp\/v2\/users\/1"}],"replies":[{"embeddable":true,"href":"https:\/\/www.berdorfer.lu\/de\/wp-json\/wp\/v2\/comments?post=627"}],"version-history":[{"count":10,"href":"https:\/\/www.berdorfer.lu\/de\/wp-json\/wp\/v2\/pages\/627\/revisions"}],"predecessor-version":[{"id":1987,"href":"https:\/\/www.berdorfer.lu\/de\/wp-json\/wp\/v2\/pages\/627\/revisions\/1987"}],"up":[{"embeddable":true,"href":"https:\/\/www.berdorfer.lu\/de\/wp-json\/wp\/v2\/pages\/335"}],"wp:attachment":[{"href":"https:\/\/www.berdorfer.lu\/de\/wp-json\/wp\/v2\/media?parent=627"}],"curies":[{"name":"wp","href":"https:\/\/api.w.org\/{rel}","templated":true}]}}