{"id":2081,"date":"2022-05-24T16:18:38","date_gmt":"2022-05-24T14:18:38","guid":{"rendered":"https:\/\/www.berdorfer.lu\/?page_id=2081"},"modified":"2022-05-24T16:24:29","modified_gmt":"2022-05-24T14:24:29","slug":"produits","status":"publish","type":"page","link":"https:\/\/www.berdorfer.lu\/fr\/produits\/","title":{"rendered":"Produits"},"content":{"rendered":"<div class=\"wpb-content-wrapper\"><p>[vc_row el_class=\u00a0\u00bbtopbox\u00a0\u00bb][vc_column el_class=\u00a0\u00bbbreadcrump\u00a0\u00bb]<style type=\"text\/css\" data-type=\"the7_shortcodes-inline-css\">.dt-breadcrumbs-id-c23c1c3c7c8e80d2bfe1ec5354fd3696 .breadcrumbs {\n  display: inline-block;\n  margin: 0;\n  padding: 0px 0px 0px 0px;\n  border: 0px solid ;\n  border-radius: 0px;\n}\n.dt-breadcrumbs-id-c23c1c3c7c8e80d2bfe1ec5354fd3696 .breadcrumbs * {\n  font-size: 16px;\n  line-height: 16px;\n  color: #5c3222;\n}<\/style><div class=\"dt-breadcrumbs-shortcode dt-breadcrumbs-id-c23c1c3c7c8e80d2bfe1ec5354fd3696 align-left\"><div class=\"assistive-text\">Vous \u00eates ici :<\/div><ol class=\"breadcrumbs text-small\" itemscope itemtype=\"https:\/\/schema.org\/BreadcrumbList\"><li itemprop=\"itemListElement\" itemscope itemtype=\"https:\/\/schema.org\/ListItem\"><a itemprop=\"item\" href=\"https:\/\/www.berdorfer.lu\/fr\/\" title=\"Accueil\"><span itemprop=\"name\">Accueil<\/span><\/a><meta itemprop=\"position\" content=\"1\" \/><\/li><li class=\"current\" itemprop=\"itemListElement\" itemscope itemtype=\"https:\/\/schema.org\/ListItem\"><span itemprop=\"name\">Page<\/span><meta itemprop=\"position\" content=\"2\" \/><\/li><\/ol><\/div>[\/vc_column][\/vc_row][vc_row][vc_column][vc_single_image image=\u00a0\u00bb83&Prime; img_size=\u00a0\u00bbfull\u00a0\u00bb el_class=\u00a0\u00bbmilchkleks\u00a0\u00bb][\/vc_column][\/vc_row][vc_row][vc_column][vc_empty_space height=\u00a0\u00bb50px\u00a0\u00bb][\/vc_column][\/vc_row][vc_row][vc_column width=\u00a0\u00bb1\/4&Prime;][\/vc_column][vc_column width=\u00a0\u00bb1\/2&Prime;][vc_custom_heading text=\u00a0\u00bbNos produits\u00a0\u00bb font_container=\u00a0\u00bbtag:h1|text_align:center\u00a0\u00bb use_theme_fonts=\u00a0\u00bbyes\u00a0\u00bb][vc_column_text]<\/p>\n<p style=\"text-align: center;\">Notre choix s\u2019\u00e9tend du grand classique, le Berdorf avec diff\u00e9rents temps d&rsquo;affinage, avec ou sans herbes, au Huemens en passant par le c\u00e9l\u00e8bre Roude Bouf. Nous produisons \u00e9galement du fromage \u00e0 p\u00e2te fra\u00eeche, du fromage blanc et du yaourt dans toutes leurs variations. Ces sp\u00e9cialit\u00e9s sont \u00e9galement id\u00e9ales pour la p\u00e2tisserie ou en cuisine.<\/p>\n<p>[\/vc_column_text][\/vc_column][vc_column width=\u00a0\u00bb1\/4&Prime;][\/vc_column][\/vc_row][vc_row][vc_column][vc_empty_space height=\u00a0\u00bb100px\u00a0\u00bb][\/vc_column][\/vc_row][vc_row][vc_column width=\u00a0\u00bb1\/4&Prime;][vc_single_image image=\u00a0\u00bb966&Prime; img_size=\u00a0\u00bbfull\u00a0\u00bb alignment=\u00a0\u00bbcenter\u00a0\u00bb onclick=\u00a0\u00bbcustom_link\u00a0\u00bb link=\u00a0\u00bb\/produiten\/keis\/\u00a0\u00bb][vc_empty_space height=\u00a0\u00bb40px\u00a0\u00bb][vc_custom_heading text=\u00a0\u00bbFromage\u00a0\u00bb font_container=\u00a0\u00bbtag:h2|text_align:center\u00a0\u00bb use_theme_fonts=\u00a0\u00bbyes\u00a0\u00bb css=\u00a0\u00bb.vc_custom_1653402006696{margin-top: -25px !important;}\u00a0\u00bb link=\u00a0\u00bburl:%2Fproduiten%2Fkeis%2F|title:K%C3%A9is\u00a0\u00bb][vc_empty_space height=\u00a0\u00bb16px\u00a0\u00bb][vc_column_text css=\u00a0\u00bb.vc_custom_1653402076441{margin-bottom: -1px !important;}\u00a0\u00bb]<\/p>\n<h4 style=\"text-align: center;\">Le Berdorfer dans toutes ses variations<\/h4>\n<p style=\"text-align: center;\">En tant que fromage de ch\u00e8vre ou de vache, jeune ou vieux, fromage \u00e0 p\u00e2te dure ou fra\u00eeche&#8230;<\/p>\n<p>[\/vc_column_text]<style type=\"text\/css\" data-type=\"the7_shortcodes-inline-css\">#default-btn-1e47da2c3c5e9a1cbd67af71dd96f268 {\n  font-size: 14px;\n  line-height: 16px;\n  font-weight: bold;\n  padding: 10px 2px 2px 2px;\n}\n#default-btn-1e47da2c3c5e9a1cbd67af71dd96f268.ico-right-side > i {\n  margin-right: 0px;\n  margin-left: 8px;\n}\n#default-btn-1e47da2c3c5e9a1cbd67af71dd96f268:after {\n  height: 0px;\n}\n#default-btn-1e47da2c3c5e9a1cbd67af71dd96f268 > i {\n  margin-right: 8px;\n  font-size: 10px;\n}\n#default-btn-1e47da2c3c5e9a1cbd67af71dd96f268:not(:hover),\n#default-btn-1e47da2c3c5e9a1cbd67af71dd96f268.link-hover-off:hover {\n  color: #5c3222;\n  background: none;\n}\n#default-btn-1e47da2c3c5e9a1cbd67af71dd96f268:not(:hover) *,\n#default-btn-1e47da2c3c5e9a1cbd67af71dd96f268.link-hover-off:hover * {\n  color: #5c3222;\n  background: none;\n}\n#default-btn-1e47da2c3c5e9a1cbd67af71dd96f268.ico-right-side > i {\n  margin-right: 0px;\n  margin-left: 8px;\n}\n#default-btn-1e47da2c3c5e9a1cbd67af71dd96f268 > i {\n  margin-right: 8px;\n}<\/style><div class=\"btn-align-center\"><a href=\"\/produiten\/keis\/\" class=\"default-btn-shortcode dt-btn-link link-hover-off ico-right-side \" id=\"default-btn-1e47da2c3c5e9a1cbd67af71dd96f268\" title=\"Mehr erfahren\"><span>En savoir plus<\/span><i class=\"icomoon-the7-font-the7-arrow-03\"><\/i><\/a><\/div>[vc_empty_space height=\u00a0\u00bb25px\u00a0\u00bb][\/vc_column][vc_column width=\u00a0\u00bb1\/4&Prime;][vc_single_image image=\u00a0\u00bb965&Prime; img_size=\u00a0\u00bbfull\u00a0\u00bb alignment=\u00a0\u00bbcenter\u00a0\u00bb onclick=\u00a0\u00bbcustom_link\u00a0\u00bb link=\u00a0\u00bb\/produiten\/jughurt\/\u00a0\u00bb][vc_empty_space height=\u00a0\u00bb40px\u00a0\u00bb][vc_custom_heading text=\u00a0\u00bbYaourt\u00a0\u00bb font_container=\u00a0\u00bbtag:h2|text_align:center\u00a0\u00bb use_theme_fonts=\u00a0\u00bbyes\u00a0\u00bb css=\u00a0\u00bb.vc_custom_1653402105502{margin-top: -25px !important;}\u00a0\u00bb link=\u00a0\u00bburl:%2Fproduiten%2Fjughurt%2F|title:Jughurt\u00a0\u00bb][vc_empty_space height=\u00a0\u00bb16px\u00a0\u00bb][vc_column_text css=\u00a0\u00bb.vc_custom_1653402124926{margin-bottom: -1px !important;}\u00a0\u00bb]<\/p>\n<h4 style=\"text-align: center;\">Avec des fruits ou nature?<\/h4>\n<p style=\"text-align: center;\">Un yaourt particuli\u00e8rement cr\u00e9meux gr\u00e2ce \u00e0 sa teneur naturelle en mati\u00e8re grasse<\/p>\n<p>[\/vc_column_text]<style type=\"text\/css\" data-type=\"the7_shortcodes-inline-css\">#default-btn-1d6c465f3ab6ed79b6d405b93f4b2e4e {\n  font-size: 14px;\n  line-height: 16px;\n  font-weight: bold;\n  padding: 10px 2px 2px 2px;\n}\n#default-btn-1d6c465f3ab6ed79b6d405b93f4b2e4e.ico-right-side > i {\n  margin-right: 0px;\n  margin-left: 8px;\n}\n#default-btn-1d6c465f3ab6ed79b6d405b93f4b2e4e:after {\n  height: 0px;\n}\n#default-btn-1d6c465f3ab6ed79b6d405b93f4b2e4e > i {\n  margin-right: 8px;\n  font-size: 10px;\n}\n#default-btn-1d6c465f3ab6ed79b6d405b93f4b2e4e:not(:hover),\n#default-btn-1d6c465f3ab6ed79b6d405b93f4b2e4e.link-hover-off:hover {\n  color: #5c3222;\n  background: none;\n}\n#default-btn-1d6c465f3ab6ed79b6d405b93f4b2e4e:not(:hover) *,\n#default-btn-1d6c465f3ab6ed79b6d405b93f4b2e4e.link-hover-off:hover * {\n  color: #5c3222;\n  background: none;\n}\n#default-btn-1d6c465f3ab6ed79b6d405b93f4b2e4e.ico-right-side > i {\n  margin-right: 0px;\n  margin-left: 8px;\n}\n#default-btn-1d6c465f3ab6ed79b6d405b93f4b2e4e > i {\n  margin-right: 8px;\n}<\/style><div class=\"btn-align-center\"><a href=\"\/produiten\/jughurt\/\" class=\"default-btn-shortcode dt-btn-link link-hover-off ico-right-side \" id=\"default-btn-1d6c465f3ab6ed79b6d405b93f4b2e4e\" title=\"Mehr erfahren\"><span>En savoir plus<\/span><i class=\"icomoon-the7-font-the7-arrow-03\"><\/i><\/a><\/div>[vc_empty_space height=\u00a0\u00bb25px\u00a0\u00bb][\/vc_column][vc_column width=\u00a0\u00bb1\/4&Prime;][vc_single_image image=\u00a0\u00bb967&Prime; img_size=\u00a0\u00bbfull\u00a0\u00bb alignment=\u00a0\u00bbcenter\u00a0\u00bb onclick=\u00a0\u00bbcustom_link\u00a0\u00bb link=\u00a0\u00bb\/produkte\/stoffi\/\u00a0\u00bb][vc_empty_space height=\u00a0\u00bb40px\u00a0\u00bb][vc_custom_heading text=\u00a0\u00bbStoffi\u00a0\u00bb font_container=\u00a0\u00bbtag:h2|text_align:center\u00a0\u00bb use_theme_fonts=\u00a0\u00bbyes\u00a0\u00bb css=\u00a0\u00bb.vc_custom_1618915446894{margin-top: -25px !important;}\u00a0\u00bb link=\u00a0\u00bburl:%2Fprodukte%2Fstoffi%2F\u00a0\u00bb][vc_empty_space height=\u00a0\u00bb16px\u00a0\u00bb][vc_column_text css=\u00a0\u00bb.vc_custom_1653402219707{margin-bottom: -1px !important;}\u00a0\u00bb]<\/p>\n<h4 style=\"text-align: center;\">Fromage blanc<\/h4>\n<p style=\"text-align: center;\">Pour vos g\u00e2teaux et p\u00e2tisseries, comme dessert ou \u00e0 tartiner<\/p>\n<p>[\/vc_column_text]<style type=\"text\/css\" data-type=\"the7_shortcodes-inline-css\">#default-btn-f451610576a71be0b506bf62a8d40f00 {\n  font-size: 14px;\n  line-height: 16px;\n  font-weight: bold;\n  padding: 10px 2px 2px 2px;\n}\n#default-btn-f451610576a71be0b506bf62a8d40f00.ico-right-side > i {\n  margin-right: 0px;\n  margin-left: 8px;\n}\n#default-btn-f451610576a71be0b506bf62a8d40f00:after {\n  height: 0px;\n}\n#default-btn-f451610576a71be0b506bf62a8d40f00 > i {\n  margin-right: 8px;\n  font-size: 10px;\n}\n#default-btn-f451610576a71be0b506bf62a8d40f00:not(:hover),\n#default-btn-f451610576a71be0b506bf62a8d40f00.link-hover-off:hover {\n  color: #5c3222;\n  background: none;\n}\n#default-btn-f451610576a71be0b506bf62a8d40f00:not(:hover) *,\n#default-btn-f451610576a71be0b506bf62a8d40f00.link-hover-off:hover * {\n  color: #5c3222;\n  background: none;\n}\n#default-btn-f451610576a71be0b506bf62a8d40f00.ico-right-side > i {\n  margin-right: 0px;\n  margin-left: 8px;\n}\n#default-btn-f451610576a71be0b506bf62a8d40f00 > i {\n  margin-right: 8px;\n}<\/style><div class=\"btn-align-center\"><a href=\"\/produkte\/stoffi\/\" class=\"default-btn-shortcode dt-btn-link link-hover-off ico-right-side \" id=\"default-btn-f451610576a71be0b506bf62a8d40f00\" title=\"Mehr erfahren\"><span>En savoir plus<\/span><i class=\"icomoon-the7-font-the7-arrow-03\"><\/i><\/a><\/div>[vc_empty_space height=\u00a0\u00bb25px\u00a0\u00bb][\/vc_column][vc_column width=\u00a0\u00bb1\/4&Prime;][vc_single_image image=\u00a0\u00bb964&Prime; img_size=\u00a0\u00bbfull\u00a0\u00bb alignment=\u00a0\u00bbcenter\u00a0\u00bb onclick=\u00a0\u00bbcustom_link\u00a0\u00bb link=\u00a0\u00bb\/produiten\/glace\/\u00a0\u00bb][vc_empty_space height=\u00a0\u00bb40px\u00a0\u00bb][vc_custom_heading text=\u00a0\u00bbCr\u00e8mes glac\u00e9es\u00a0\u00bb font_container=\u00a0\u00bbtag:h2|text_align:center\u00a0\u00bb use_theme_fonts=\u00a0\u00bbyes\u00a0\u00bb css=\u00a0\u00bb.vc_custom_1653402228856{margin-top: -25px !important;}\u00a0\u00bb link=\u00a0\u00bburl:%2Fproduiten%2Fglace%2F|title:Glace\u00a0\u00bb][vc_empty_space height=\u00a0\u00bb16px\u00a0\u00bb][vc_column_text css=\u00a0\u00bb.vc_custom_1653402249967{margin-bottom: -1px !important;}\u00a0\u00bb]<\/p>\n<h4 style=\"text-align: center;\">Pour les gourmands<\/h4>\n<p style=\"text-align: center;\">En c\u00f4ne ou en coupe dans notre magasin, mais aussi \u00e0 emporter et \u00e0 d\u00e9guster chez soi<\/p>\n<p>[\/vc_column_text]<style type=\"text\/css\" data-type=\"the7_shortcodes-inline-css\">#default-btn-4c1f6db497f5708dbc4c0c5635794df0 {\n  font-size: 14px;\n  line-height: 16px;\n  font-weight: bold;\n  padding: 10px 2px 2px 2px;\n}\n#default-btn-4c1f6db497f5708dbc4c0c5635794df0.ico-right-side > i {\n  margin-right: 0px;\n  margin-left: 8px;\n}\n#default-btn-4c1f6db497f5708dbc4c0c5635794df0:after {\n  height: 0px;\n}\n#default-btn-4c1f6db497f5708dbc4c0c5635794df0 > i {\n  margin-right: 8px;\n  font-size: 10px;\n}\n#default-btn-4c1f6db497f5708dbc4c0c5635794df0:not(:hover),\n#default-btn-4c1f6db497f5708dbc4c0c5635794df0.link-hover-off:hover {\n  color: #5c3222;\n  background: none;\n}\n#default-btn-4c1f6db497f5708dbc4c0c5635794df0:not(:hover) *,\n#default-btn-4c1f6db497f5708dbc4c0c5635794df0.link-hover-off:hover * {\n  color: #5c3222;\n  background: none;\n}\n#default-btn-4c1f6db497f5708dbc4c0c5635794df0.ico-right-side > i {\n  margin-right: 0px;\n  margin-left: 8px;\n}\n#default-btn-4c1f6db497f5708dbc4c0c5635794df0 > i {\n  margin-right: 8px;\n}<\/style><div class=\"btn-align-center\"><a href=\"\/produiten\/glace\/\" class=\"default-btn-shortcode dt-btn-link link-hover-off ico-right-side \" id=\"default-btn-4c1f6db497f5708dbc4c0c5635794df0\" title=\"Mehr erfahren\"><span>En savoir plus<\/span><i class=\"icomoon-the7-font-the7-arrow-03\"><\/i><\/a><\/div>[vc_empty_space height=\u00a0\u00bb25px\u00a0\u00bb][\/vc_column][\/vc_row][vc_row][vc_column][vc_empty_space height=\u00a0\u00bb100px\u00a0\u00bb][\/vc_column][\/vc_row]<\/p>\n<\/div>","protected":false},"excerpt":{"rendered":"<p>[vc_row el_class=\u00a0\u00bbtopbox\u00a0\u00bb][vc_column el_class=\u00a0\u00bbbreadcrump\u00a0\u00bb][\/vc_column][\/vc_row][vc_row][vc_column][vc_single_image image=\u00a0\u00bb83&Prime; img_size=\u00a0\u00bbfull\u00a0\u00bb el_class=\u00a0\u00bbmilchkleks\u00a0\u00bb][\/vc_column][\/vc_row][vc_row][vc_column][vc_empty_space height=\u00a0\u00bb50px\u00a0\u00bb][\/vc_column][\/vc_row][vc_row][vc_column width=\u00a0\u00bb1\/4&Prime;][\/vc_column][vc_column width=\u00a0\u00bb1\/2&Prime;][vc_custom_heading text=\u00a0\u00bbNos produits\u00a0\u00bb font_container=\u00a0\u00bbtag:h1|text_align:center\u00a0\u00bb use_theme_fonts=\u00a0\u00bbyes\u00a0\u00bb][vc_column_text] Notre choix s\u2019\u00e9tend du grand classique, le Berdorf avec diff\u00e9rents temps d&rsquo;affinage, avec ou sans herbes, au&hellip;<\/p>\n","protected":false},"author":1,"featured_media":0,"parent":0,"menu_order":0,"comment_status":"closed","ping_status":"closed","template":"","meta":{"_price":"","_stock":"","_tribe_ticket_header":"","_tribe_default_ticket_provider":"","_tribe_ticket_capacity":"0","_ticket_start_date":"","_ticket_end_date":"","_tribe_ticket_show_description":"","_tribe_ticket_show_not_going":false,"_tribe_ticket_use_global_stock":"","_tribe_ticket_global_stock_level":"","_global_stock_mode":"","_global_stock_cap":"","_tribe_rsvp_for_event":"","_tribe_ticket_going_count":"","_tribe_ticket_not_going_count":"","_tribe_tickets_list":"[]","_tribe_ticket_has_attendee_info_fields":false,"footnotes":"","_tec_slr_enabled":"","_tec_slr_layout":""},"class_list":["post-2081","page","type-page","status-publish","hentry","description-off"],"ticketed":false,"_links":{"self":[{"href":"https:\/\/www.berdorfer.lu\/fr\/wp-json\/wp\/v2\/pages\/2081","targetHints":{"allow":["GET"]}}],"collection":[{"href":"https:\/\/www.berdorfer.lu\/fr\/wp-json\/wp\/v2\/pages"}],"about":[{"href":"https:\/\/www.berdorfer.lu\/fr\/wp-json\/wp\/v2\/types\/page"}],"author":[{"embeddable":true,"href":"https:\/\/www.berdorfer.lu\/fr\/wp-json\/wp\/v2\/users\/1"}],"replies":[{"embeddable":true,"href":"https:\/\/www.berdorfer.lu\/fr\/wp-json\/wp\/v2\/comments?post=2081"}],"version-history":[{"count":4,"href":"https:\/\/www.berdorfer.lu\/fr\/wp-json\/wp\/v2\/pages\/2081\/revisions"}],"predecessor-version":[{"id":2085,"href":"https:\/\/www.berdorfer.lu\/fr\/wp-json\/wp\/v2\/pages\/2081\/revisions\/2085"}],"wp:attachment":[{"href":"https:\/\/www.berdorfer.lu\/fr\/wp-json\/wp\/v2\/media?parent=2081"}],"curies":[{"name":"wp","href":"https:\/\/api.w.org\/{rel}","templated":true}]}}