{"id":2094,"date":"2022-05-24T17:05:44","date_gmt":"2022-05-24T15:05:44","guid":{"rendered":"https:\/\/www.berdorfer.lu\/?page_id=2094"},"modified":"2022-05-24T17:05:44","modified_gmt":"2022-05-24T15:05:44","slug":"fromage-de-berdorf","status":"publish","type":"page","link":"https:\/\/www.berdorfer.lu\/fr\/produits\/fromage\/fromage-de-berdorf\/","title":{"rendered":"Fromage de Berdorf"},"content":{"rendered":"<div class=\"wpb-content-wrapper\"><p>[vc_row el_class=\u00a0\u00bbtopbox\u00a0\u00bb][vc_column el_class=\u00a0\u00bbbreadcrump\u00a0\u00bb]<style type=\"text\/css\" data-type=\"the7_shortcodes-inline-css\">.dt-breadcrumbs-id-c23c1c3c7c8e80d2bfe1ec5354fd3696 .breadcrumbs {\n  display: inline-block;\n  margin: 0;\n  padding: 0px 0px 0px 0px;\n  border: 0px solid ;\n  border-radius: 0px;\n}\n.dt-breadcrumbs-id-c23c1c3c7c8e80d2bfe1ec5354fd3696 .breadcrumbs * {\n  font-size: 16px;\n  line-height: 16px;\n  color: #5c3222;\n}<\/style><div class=\"dt-breadcrumbs-shortcode dt-breadcrumbs-id-c23c1c3c7c8e80d2bfe1ec5354fd3696 align-left\"><div class=\"assistive-text\">Vous \u00eates ici :<\/div><ol class=\"breadcrumbs text-small\" itemscope itemtype=\"https:\/\/schema.org\/BreadcrumbList\"><li itemprop=\"itemListElement\" itemscope itemtype=\"https:\/\/schema.org\/ListItem\"><a itemprop=\"item\" href=\"https:\/\/www.berdorfer.lu\/fr\/\" title=\"Accueil\"><span itemprop=\"name\">Accueil<\/span><\/a><meta itemprop=\"position\" content=\"1\" \/><\/li><li class=\"current\" itemprop=\"itemListElement\" itemscope itemtype=\"https:\/\/schema.org\/ListItem\"><span itemprop=\"name\">Page<\/span><meta itemprop=\"position\" content=\"2\" \/><\/li><\/ol><\/div>[\/vc_column][\/vc_row][vc_row][vc_column][vc_empty_space height=\u00a0\u00bb50px\u00a0\u00bb][\/vc_column][\/vc_row][vc_row][vc_column width=\u00a0\u00bb1\/4&Prime;][\/vc_column][vc_column width=\u00a0\u00bb1\/2&Prime;][vc_custom_heading text=\u00a0\u00bbFromage de Berdorf\u00a0\u00bb font_container=\u00a0\u00bbtag:h1|text_align:center\u00a0\u00bb use_theme_fonts=\u00a0\u00bbyes\u00a0\u00bb][vc_column_text]<\/p>\n<p style=\"text-align: center;\">Au commencement \u00e9tait le Berdorfer. Nous le produisons de mani\u00e8re traditionnelle depuis plus de 30 ans d\u00e9j\u00e0. Ce fromage fermier est fabriqu\u00e9 \u00e0 partir de lait de vache \u00e0 teneur naturelle en mati\u00e8res grasses.<\/p>\n<p>[\/vc_column_text][\/vc_column][vc_column width=\u00a0\u00bb1\/4&Prime;][\/vc_column][\/vc_row][vc_row][vc_column][vc_empty_space height=\u00a0\u00bb100px\u00a0\u00bb][\/vc_column][\/vc_row][vc_row full_width=\u00a0\u00bbstretch_row_content_no_spaces\u00a0\u00bb css=\u00a0\u00bb.vc_custom_1622222853748{background-color: rgba(255,234,150,0.3) !important;*background-color: rgb(255,234,150) !important;}\u00a0\u00bb][vc_column][vc_row_inner content_placement=\u00a0\u00bbmiddle\u00a0\u00bb][vc_column_inner width=\u00a0\u00bb1\/2&Prime;][vc_single_image image=\u00a0\u00bb801&Prime; img_size=\u00a0\u00bbfull\u00a0\u00bb][\/vc_column_inner][vc_column_inner el_class=\u00a0\u00bbbox\u00a0\u00bb width=\u00a0\u00bb1\/2&Prime;][vc_custom_heading text=\u00a0\u00bbFromage de Berdorf\u00a0\u00bb font_container=\u00a0\u00bbtag:h2|font_size:70px|text_align:left\u00a0\u00bb use_theme_fonts=\u00a0\u00bbyes\u00a0\u00bb css=\u00a0\u00bb.vc_custom_1653404665642{margin-top: 0px !important;}\u00a0\u00bb el_class=\u00a0\u00bbkewl\u00a0\u00bb][vc_custom_heading text=\u00a0\u00bbFromage traditionnel \u00e0 p\u00e2te dure &#8211; fabriqu\u00e9 \u00e0 partir de lait de vache\u00a0\u00bb font_container=\u00a0\u00bbtag:h4|text_align:left|color:%23336e82&Prime; use_theme_fonts=\u00a0\u00bbyes\u00a0\u00bb css=\u00a0\u00bb.vc_custom_1653404677201{margin-top: 0px !important;}\u00a0\u00bb][vc_column_text el_class=\u00a0\u00bbbullet\u00a0\u00bb]\u00ab Jeune \u00bb au go\u00fbt doux avec un temps d&rsquo;affinage de 2 mois ou avec un temps d&rsquo;affinage de 24 mois et un go\u00fbt plus cors\u00e9 en cons\u00e9quence.[\/vc_column_text][\/vc_column_inner][\/vc_row_inner][\/vc_column][\/vc_row][vc_row][vc_column][vc_empty_space height=\u00a0\u00bb100px\u00a0\u00bb][\/vc_column][\/vc_row][vc_row full_width=\u00a0\u00bbstretch_row_content_no_spaces\u00a0\u00bb css=\u00a0\u00bb.vc_custom_1618134459514{background-color: rgba(255,234,150,0.3) !important;*background-color: rgb(255,234,150) !important;}\u00a0\u00bb][vc_column][vc_row_inner content_placement=\u00a0\u00bbmiddle\u00a0\u00bb][vc_column_inner el_class=\u00a0\u00bbbox\u00a0\u00bb width=\u00a0\u00bb1\/2&Prime;][vc_custom_heading text=\u00a0\u00bbAffin\u00e9 aux herbes\u00a0\u00bb font_container=\u00a0\u00bbtag:h3|font_size:28px|text_align:left\u00a0\u00bb use_theme_fonts=\u00a0\u00bbyes\u00a0\u00bb css=\u00a0\u00bb.vc_custom_1653404714655{margin-top: 0px !important;}\u00a0\u00bb][vc_column_text el_class=\u00a0\u00bbbullet\u00a0\u00bb css=\u00a0\u00bb.vc_custom_1653404723947{padding-right: 20% !important;}\u00a0\u00bb]Nous proposons ce fromage avec diff\u00e9rentes herbes:[\/vc_column_text][vc_empty_space height=\u00a0\u00bb16px\u00a0\u00bb][vc_column_text el_class=\u00a0\u00bbbullet\u00a0\u00bb css=\u00a0\u00bb.vc_custom_1653404740819{padding-right: 20% !important;}\u00a0\u00bb]<\/p>\n<ul>\n<li>Italiano (tomates, basilic&#8230;)<\/li>\n<li>Fenugrec<\/li>\n<li>Herbes (ortie, persil&#8230;)<\/li>\n<li>Cumin<\/li>\n<li>Poivron<\/li>\n<li>Poivre<\/li>\n<li>Truffes<\/li>\n<\/ul>\n<p>[\/vc_column_text][\/vc_column_inner][vc_column_inner width=\u00a0\u00bb1\/2&Prime;][vc_single_image image=\u00a0\u00bb802&Prime; img_size=\u00a0\u00bbfull\u00a0\u00bb alignment=\u00a0\u00bbright\u00a0\u00bb][\/vc_column_inner][\/vc_row_inner][\/vc_column][\/vc_row][vc_row][vc_column][vc_empty_space height=\u00a0\u00bb50px\u00a0\u00bb][\/vc_column][\/vc_row]<\/p>\n<\/div>","protected":false},"excerpt":{"rendered":"<p>[vc_row el_class=\u00a0\u00bbtopbox\u00a0\u00bb][vc_column el_class=\u00a0\u00bbbreadcrump\u00a0\u00bb][\/vc_column][\/vc_row][vc_row][vc_column][vc_empty_space height=\u00a0\u00bb50px\u00a0\u00bb][\/vc_column][\/vc_row][vc_row][vc_column width=\u00a0\u00bb1\/4&Prime;][\/vc_column][vc_column width=\u00a0\u00bb1\/2&Prime;][vc_custom_heading text=\u00a0\u00bbFromage de Berdorf\u00a0\u00bb font_container=\u00a0\u00bbtag:h1|text_align:center\u00a0\u00bb use_theme_fonts=\u00a0\u00bbyes\u00a0\u00bb][vc_column_text] Au commencement \u00e9tait le Berdorfer. Nous le produisons de mani\u00e8re traditionnelle depuis plus de 30 ans d\u00e9j\u00e0. Ce fromage&hellip;<\/p>\n","protected":false},"author":1,"featured_media":0,"parent":2087,"menu_order":0,"comment_status":"closed","ping_status":"closed","template":"","meta":{"_price":"","_stock":"","_tribe_ticket_header":"","_tribe_default_ticket_provider":"","_tribe_ticket_capacity":"0","_ticket_start_date":"","_ticket_end_date":"","_tribe_ticket_show_description":"","_tribe_ticket_show_not_going":false,"_tribe_ticket_use_global_stock":"","_tribe_ticket_global_stock_level":"","_global_stock_mode":"","_global_stock_cap":"","_tribe_rsvp_for_event":"","_tribe_ticket_going_count":"","_tribe_ticket_not_going_count":"","_tribe_tickets_list":"[]","_tribe_ticket_has_attendee_info_fields":false,"footnotes":"","_tec_slr_enabled":"","_tec_slr_layout":""},"class_list":["post-2094","page","type-page","status-publish","hentry","description-off"],"ticketed":false,"_links":{"self":[{"href":"https:\/\/www.berdorfer.lu\/fr\/wp-json\/wp\/v2\/pages\/2094","targetHints":{"allow":["GET"]}}],"collection":[{"href":"https:\/\/www.berdorfer.lu\/fr\/wp-json\/wp\/v2\/pages"}],"about":[{"href":"https:\/\/www.berdorfer.lu\/fr\/wp-json\/wp\/v2\/types\/page"}],"author":[{"embeddable":true,"href":"https:\/\/www.berdorfer.lu\/fr\/wp-json\/wp\/v2\/users\/1"}],"replies":[{"embeddable":true,"href":"https:\/\/www.berdorfer.lu\/fr\/wp-json\/wp\/v2\/comments?post=2094"}],"version-history":[{"count":2,"href":"https:\/\/www.berdorfer.lu\/fr\/wp-json\/wp\/v2\/pages\/2094\/revisions"}],"predecessor-version":[{"id":2096,"href":"https:\/\/www.berdorfer.lu\/fr\/wp-json\/wp\/v2\/pages\/2094\/revisions\/2096"}],"up":[{"embeddable":true,"href":"https:\/\/www.berdorfer.lu\/fr\/wp-json\/wp\/v2\/pages\/2087"}],"wp:attachment":[{"href":"https:\/\/www.berdorfer.lu\/fr\/wp-json\/wp\/v2\/media?parent=2094"}],"curies":[{"name":"wp","href":"https:\/\/api.w.org\/{rel}","templated":true}]}}