{"id":2097,"date":"2022-05-24T17:06:42","date_gmt":"2022-05-24T15:06:42","guid":{"rendered":"https:\/\/www.berdorfer.lu\/?page_id=2097"},"modified":"2022-05-24T17:08:37","modified_gmt":"2022-05-24T15:08:37","slug":"roude-bouf","status":"publish","type":"page","link":"https:\/\/www.berdorfer.lu\/fr\/produits\/fromage\/roude-bouf\/","title":{"rendered":"Roude Bouf"},"content":{"rendered":"<div class=\"wpb-content-wrapper\"><p>[vc_row el_class=\u00a0\u00bbtopbox\u00a0\u00bb][vc_column el_class=\u00a0\u00bbbreadcrump\u00a0\u00bb]<style type=\"text\/css\" data-type=\"the7_shortcodes-inline-css\">.dt-breadcrumbs-id-c23c1c3c7c8e80d2bfe1ec5354fd3696 .breadcrumbs {\n  display: inline-block;\n  margin: 0;\n  padding: 0px 0px 0px 0px;\n  border: 0px solid ;\n  border-radius: 0px;\n}\n.dt-breadcrumbs-id-c23c1c3c7c8e80d2bfe1ec5354fd3696 .breadcrumbs * {\n  font-size: 16px;\n  line-height: 16px;\n  color: #5c3222;\n}<\/style><div class=\"dt-breadcrumbs-shortcode dt-breadcrumbs-id-c23c1c3c7c8e80d2bfe1ec5354fd3696 align-left\"><div class=\"assistive-text\">Vous \u00eates ici :<\/div><ol class=\"breadcrumbs text-small\" itemscope itemtype=\"https:\/\/schema.org\/BreadcrumbList\"><li itemprop=\"itemListElement\" itemscope itemtype=\"https:\/\/schema.org\/ListItem\"><a itemprop=\"item\" href=\"https:\/\/www.berdorfer.lu\/fr\/\" title=\"Accueil\"><span itemprop=\"name\">Accueil<\/span><\/a><meta itemprop=\"position\" content=\"1\" \/><\/li><li class=\"current\" itemprop=\"itemListElement\" itemscope itemtype=\"https:\/\/schema.org\/ListItem\"><span itemprop=\"name\">Page<\/span><meta itemprop=\"position\" content=\"2\" \/><\/li><\/ol><\/div>[\/vc_column][\/vc_row][vc_row][vc_column][vc_empty_space height=\u00a0\u00bb50px\u00a0\u00bb][\/vc_column][\/vc_row][vc_row][vc_column width=\u00a0\u00bb1\/4&Prime;][\/vc_column][vc_column width=\u00a0\u00bb1\/2&Prime;][vc_custom_heading text=\u00a0\u00bbRoude Bouf\u00a0\u00bb font_container=\u00a0\u00bbtag:h1|text_align:center\u00a0\u00bb use_theme_fonts=\u00a0\u00bbyes\u00a0\u00bb][vc_column_text]<\/p>\n<p style=\"text-align: center;\">C&rsquo;est sa fra\u00eecheur exceptionnelle qui rend ce fromage d\u00e9licat, cr\u00e9meux et n\u00e9anmoins quelque peu cors\u00e9 et si unique.<\/p>\n<p>[\/vc_column_text][\/vc_column][vc_column width=\u00a0\u00bb1\/4&Prime;][\/vc_column][\/vc_row][vc_row][vc_column][vc_empty_space height=\u00a0\u00bb100px\u00a0\u00bb][\/vc_column][\/vc_row][vc_row full_width=\u00a0\u00bbstretch_row_content_no_spaces\u00a0\u00bb css=\u00a0\u00bb.vc_custom_1618134525176{background-color: rgba(255,234,150,0.3) !important;*background-color: rgb(255,234,150) !important;}\u00a0\u00bb][vc_column][vc_row_inner content_placement=\u00a0\u00bbmiddle\u00a0\u00bb][vc_column_inner width=\u00a0\u00bb1\/2&Prime;][vc_single_image image=\u00a0\u00bb1020&Prime; img_size=\u00a0\u00bbfull\u00a0\u00bb][\/vc_column_inner][vc_column_inner el_class=\u00a0\u00bbbox\u00a0\u00bb width=\u00a0\u00bb1\/2&Prime;][vc_custom_heading text=\u00a0\u00bbRoude Bouf\u00a0\u00bb font_container=\u00a0\u00bbtag:h2|font_size:70px|text_align:left|color:%23d6361b\u00a0\u00bb use_theme_fonts=\u00a0\u00bbyes\u00a0\u00bb css=\u00a0\u00bb.vc_custom_1653390988938{margin-top: 0px !important;}\u00a0\u00bb el_class=\u00a0\u00bbkewl\u00a0\u00bb][vc_custom_heading text=\u00a0\u00bbCr\u00e9ation propre \u2013 le fruit de notre imagination et savoir-faire!\u00a0\u00bb font_container=\u00a0\u00bbtag:h4|text_align:left|color:%23336e82&Prime; use_theme_fonts=\u00a0\u00bbyes\u00a0\u00bb css=\u00a0\u00bb.vc_custom_1653404825123{margin-top: 0px !important;}\u00a0\u00bb][vc_column_text el_class=\u00a0\u00bbbullet\u00a0\u00bb]Le chef d&rsquo;\u0153uvre de notre maison, le Roude Bouf, d\u00e9veloppe sa saveur \u00e9pic\u00e9e apr\u00e8s environ 6 semaines. Un tr\u00e8s bon choix en toute occasion.[\/vc_column_text][\/vc_column_inner][\/vc_row_inner][\/vc_column][\/vc_row][vc_row][vc_column][vc_empty_space height=\u00a0\u00bb100px\u00a0\u00bb][\/vc_column][\/vc_row][vc_row full_width=\u00a0\u00bbstretch_row_content_no_spaces\u00a0\u00bb css=\u00a0\u00bb.vc_custom_1618134459514{background-color: rgba(255,234,150,0.3) !important;*background-color: rgb(255,234,150) !important;}\u00a0\u00bb][vc_column][vc_row_inner content_placement=\u00a0\u00bbmiddle\u00a0\u00bb][vc_column_inner el_class=\u00a0\u00bbbox\u00a0\u00bb width=\u00a0\u00bb1\/2&Prime;][vc_column_text el_class=\u00a0\u00bbbullet\u00a0\u00bb css=\u00a0\u00bb.vc_custom_1653404867825{padding-right: 20% !important;}\u00a0\u00bb]Le Roude Bouf peut \u00e9galement \u00eatre utilis\u00e9 comme fromage \u00e0 raclette. Vous pouvez d\u00e9couvrir diff\u00e9rentes variations dans le magasin du village de Berdorf, par exemple au poivre, au piment ou \u00e0 la truffe. Si vous n&rsquo;avez pas encore d&rsquo;appareil \u00e0 raclette ou \u00e0 fondue, vous en trouverez \u00e9galement dans le magasin \u00e0 Berdorf.[\/vc_column_text][\/vc_column_inner][vc_column_inner width=\u00a0\u00bb1\/2&Prime;][vc_single_image image=\u00a0\u00bb667&Prime; img_size=\u00a0\u00bbfull\u00a0\u00bb alignment=\u00a0\u00bbright\u00a0\u00bb][\/vc_column_inner][\/vc_row_inner][\/vc_column][\/vc_row][vc_row][vc_column][vc_empty_space height=\u00a0\u00bb50px\u00a0\u00bb][\/vc_column][\/vc_row]<\/p>\n<\/div>","protected":false},"excerpt":{"rendered":"<p>[vc_row el_class=\u00a0\u00bbtopbox\u00a0\u00bb][vc_column el_class=\u00a0\u00bbbreadcrump\u00a0\u00bb][\/vc_column][\/vc_row][vc_row][vc_column][vc_empty_space height=\u00a0\u00bb50px\u00a0\u00bb][\/vc_column][\/vc_row][vc_row][vc_column width=\u00a0\u00bb1\/4&Prime;][\/vc_column][vc_column width=\u00a0\u00bb1\/2&Prime;][vc_custom_heading text=\u00a0\u00bbRoude Bouf\u00a0\u00bb font_container=\u00a0\u00bbtag:h1|text_align:center\u00a0\u00bb use_theme_fonts=\u00a0\u00bbyes\u00a0\u00bb][vc_column_text] C&rsquo;est sa fra\u00eecheur exceptionnelle qui rend ce fromage d\u00e9licat, cr\u00e9meux et n\u00e9anmoins quelque peu cors\u00e9 et si unique. [\/vc_column_text][\/vc_column][vc_column width=\u00a0\u00bb1\/4&Prime;][\/vc_column][\/vc_row][vc_row][vc_column][vc_empty_space&hellip;<\/p>\n","protected":false},"author":1,"featured_media":0,"parent":2087,"menu_order":0,"comment_status":"closed","ping_status":"closed","template":"","meta":{"_price":"","_stock":"","_tribe_ticket_header":"","_tribe_default_ticket_provider":"","_tribe_ticket_capacity":"0","_ticket_start_date":"","_ticket_end_date":"","_tribe_ticket_show_description":"","_tribe_ticket_show_not_going":false,"_tribe_ticket_use_global_stock":"","_tribe_ticket_global_stock_level":"","_global_stock_mode":"","_global_stock_cap":"","_tribe_rsvp_for_event":"","_tribe_ticket_going_count":"","_tribe_ticket_not_going_count":"","_tribe_tickets_list":"[]","_tribe_ticket_has_attendee_info_fields":false,"footnotes":"","_tec_slr_enabled":"","_tec_slr_layout":""},"class_list":["post-2097","page","type-page","status-publish","hentry","description-off"],"ticketed":false,"_links":{"self":[{"href":"https:\/\/www.berdorfer.lu\/fr\/wp-json\/wp\/v2\/pages\/2097","targetHints":{"allow":["GET"]}}],"collection":[{"href":"https:\/\/www.berdorfer.lu\/fr\/wp-json\/wp\/v2\/pages"}],"about":[{"href":"https:\/\/www.berdorfer.lu\/fr\/wp-json\/wp\/v2\/types\/page"}],"author":[{"embeddable":true,"href":"https:\/\/www.berdorfer.lu\/fr\/wp-json\/wp\/v2\/users\/1"}],"replies":[{"embeddable":true,"href":"https:\/\/www.berdorfer.lu\/fr\/wp-json\/wp\/v2\/comments?post=2097"}],"version-history":[{"count":4,"href":"https:\/\/www.berdorfer.lu\/fr\/wp-json\/wp\/v2\/pages\/2097\/revisions"}],"predecessor-version":[{"id":2101,"href":"https:\/\/www.berdorfer.lu\/fr\/wp-json\/wp\/v2\/pages\/2097\/revisions\/2101"}],"up":[{"embeddable":true,"href":"https:\/\/www.berdorfer.lu\/fr\/wp-json\/wp\/v2\/pages\/2087"}],"wp:attachment":[{"href":"https:\/\/www.berdorfer.lu\/fr\/wp-json\/wp\/v2\/media?parent=2097"}],"curies":[{"name":"wp","href":"https:\/\/api.w.org\/{rel}","templated":true}]}}