{"id":2136,"date":"2022-05-24T17:48:15","date_gmt":"2022-05-24T15:48:15","guid":{"rendered":"https:\/\/www.berdorfer.lu\/?page_id=2136"},"modified":"2022-05-24T17:53:14","modified_gmt":"2022-05-24T15:53:14","slug":"notre-ferme","status":"publish","type":"page","link":"https:\/\/www.berdorfer.lu\/fr\/notre-ferme\/","title":{"rendered":"Notre ferme"},"content":{"rendered":"<div class=\"wpb-content-wrapper\"><p>[vc_row el_class=\u00a0\u00bbtopbox\u00a0\u00bb][vc_column el_class=\u00a0\u00bbbreadcrump\u00a0\u00bb]<style type=\"text\/css\" data-type=\"the7_shortcodes-inline-css\">.dt-breadcrumbs-id-c23c1c3c7c8e80d2bfe1ec5354fd3696 .breadcrumbs {\n  display: inline-block;\n  margin: 0;\n  padding: 0px 0px 0px 0px;\n  border: 0px solid ;\n  border-radius: 0px;\n}\n.dt-breadcrumbs-id-c23c1c3c7c8e80d2bfe1ec5354fd3696 .breadcrumbs * {\n  font-size: 16px;\n  line-height: 16px;\n  color: #5c3222;\n}<\/style><div class=\"dt-breadcrumbs-shortcode dt-breadcrumbs-id-c23c1c3c7c8e80d2bfe1ec5354fd3696 align-left\"><div class=\"assistive-text\">Vous \u00eates ici :<\/div><ol class=\"breadcrumbs text-small\" itemscope itemtype=\"https:\/\/schema.org\/BreadcrumbList\"><li itemprop=\"itemListElement\" itemscope itemtype=\"https:\/\/schema.org\/ListItem\"><a itemprop=\"item\" href=\"https:\/\/www.berdorfer.lu\/fr\/\" title=\"Accueil\"><span itemprop=\"name\">Accueil<\/span><\/a><meta itemprop=\"position\" content=\"1\" \/><\/li><li class=\"current\" itemprop=\"itemListElement\" itemscope itemtype=\"https:\/\/schema.org\/ListItem\"><span itemprop=\"name\">Page<\/span><meta itemprop=\"position\" content=\"2\" \/><\/li><\/ol><\/div>[\/vc_column][\/vc_row][vc_row][vc_column][vc_empty_space height=\u00a0\u00bb50px\u00a0\u00bb][\/vc_column][\/vc_row][vc_row][vc_column width=\u00a0\u00bb1\/4&Prime;][\/vc_column][vc_column width=\u00a0\u00bb1\/2&Prime;][vc_custom_heading text=\u00a0\u00bbAnimaux et \u00e9levage\u00a0\u00bb font_container=\u00a0\u00bbtag:h1|text_align:center\u00a0\u00bb use_theme_fonts=\u00a0\u00bbyes\u00a0\u00bb][vc_column_text]<\/p>\n<p style=\"text-align: center;\">La famille Schmalen fait de l\u2019agriculture depuis plusieurs g\u00e9n\u00e9rations. De l&rsquo;\u00e9poque de notre grand-p\u00e8re jusqu&rsquo;\u00e0 aujourd&rsquo;hui, nos vaches ont toujours \u00e9t\u00e9 un \u00e9l\u00e9ment central de notre ferme. Depuis une quinzaine d&rsquo;ann\u00e9es, nous accueillons \u00e9galement des ch\u00e8vres \u00e0 leur c\u00f4t\u00e9.<\/p>\n<p>[\/vc_column_text][\/vc_column][vc_column width=\u00a0\u00bb1\/4&Prime;][\/vc_column][\/vc_row][vc_row][vc_column][vc_empty_space height=\u00a0\u00bb80px\u00a0\u00bb][\/vc_column][\/vc_row][vc_row][vc_column][vc_text_separator title=\u00a0\u00bbPhoto de la ferme\u00a0\u00bb color=\u00a0\u00bbcustom\u00a0\u00bb accent_color=\u00a0\u00bb#5c3222&Prime; el_class=\u00a0\u00bbseparator\u00a0\u00bb][\/vc_column][\/vc_row][vc_row][vc_column][vc_empty_space height=\u00a0\u00bb50px\u00a0\u00bb][\/vc_column][\/vc_row][vc_row][vc_column]<style type=\"text\/css\" data-type=\"the7_shortcodes-inline-css\">.gallery-shortcode.gallery-masonry-shortcode-id-86170ac9be451de47e8ddf67d627f80b figure,\n.gallery-shortcode.gallery-masonry-shortcode-id-86170ac9be451de47e8ddf67d627f80b .rollover,\n.gallery-shortcode.gallery-masonry-shortcode-id-86170ac9be451de47e8ddf67d627f80b img,\n.gallery-shortcode.gallery-masonry-shortcode-id-86170ac9be451de47e8ddf67d627f80b .gallery-rollover {\n  border-radius: 0px;\n}\n.gallery-shortcode.gallery-masonry-shortcode-id-86170ac9be451de47e8ddf67d627f80b.enable-bg-rollover .gallery-rollover {\n  background: -webkit-linear-gradient();\n  background: linear-gradient();\n}\n.gallery-shortcode.gallery-masonry-shortcode-id-86170ac9be451de47e8ddf67d627f80b.enable-bg-rollover.hover-scale figure .rollover:after {\n  background: -webkit-linear-gradient();\n  background: linear-gradient();\n}\n.gallery-shortcode.gallery-masonry-shortcode-id-86170ac9be451de47e8ddf67d627f80b .gallery-zoom-ico {\n  width: 44px;\n  height: 44px;\n  line-height: 44px;\n  border-radius: 100px;\n  margin: -22px 0 0 -22px;\n  border-width: 0px;\n  color: #ffffff;\n}\n.dt-icon-bg-on.gallery-shortcode.gallery-masonry-shortcode-id-86170ac9be451de47e8ddf67d627f80b .gallery-zoom-ico {\n  background: rgba(255,255,255,0.3);\n  box-shadow: none;\n}\n.gallery-shortcode.gallery-masonry-shortcode-id-86170ac9be451de47e8ddf67d627f80b .gallery-zoom-ico:before,\n.gallery-shortcode.gallery-masonry-shortcode-id-86170ac9be451de47e8ddf67d627f80b .gallery-zoom-ico span {\n  font-size: 32px;\n  line-height: 44px;\n  color: #ffffff;\n}\n.gallery-shortcode.gallery-masonry-shortcode-id-86170ac9be451de47e8ddf67d627f80b:not(.resize-by-browser-width) .dt-css-grid {\n  grid-row-gap: 30px;\n  grid-column-gap: 30px;\n  grid-template-columns: repeat(auto-fill,minmax(,1fr));\n}\n.gallery-shortcode.gallery-masonry-shortcode-id-86170ac9be451de47e8ddf67d627f80b:not(.resize-by-browser-width) .dt-css-grid .double-width {\n  grid-column: span 2;\n}\n.cssgridlegacy.no-cssgrid .gallery-shortcode.gallery-masonry-shortcode-id-86170ac9be451de47e8ddf67d627f80b:not(.resize-by-browser-width) .dt-css-grid,\n.no-cssgridlegacy.no-cssgrid .gallery-shortcode.gallery-masonry-shortcode-id-86170ac9be451de47e8ddf67d627f80b:not(.resize-by-browser-width) .dt-css-grid {\n  display: flex;\n  flex-flow: row wrap;\n  margin: -15px;\n}\n.cssgridlegacy.no-cssgrid .gallery-shortcode.gallery-masonry-shortcode-id-86170ac9be451de47e8ddf67d627f80b:not(.resize-by-browser-width) .dt-css-grid .wf-cell,\n.no-cssgridlegacy.no-cssgrid .gallery-shortcode.gallery-masonry-shortcode-id-86170ac9be451de47e8ddf67d627f80b:not(.resize-by-browser-width) .dt-css-grid .wf-cell {\n  flex: 1 0 ;\n  max-width: 100%;\n  padding: 15px;\n  box-sizing: border-box;\n}\n.gallery-shortcode.gallery-masonry-shortcode-id-86170ac9be451de47e8ddf67d627f80b.resize-by-browser-width .dt-css-grid {\n  grid-template-columns: repeat(4,1fr);\n  grid-template-rows: auto;\n  grid-column-gap: 30px;\n  grid-row-gap: 30px;\n}\n.gallery-shortcode.gallery-masonry-shortcode-id-86170ac9be451de47e8ddf67d627f80b.resize-by-browser-width .dt-css-grid .double-width {\n  grid-column: span 2;\n}\n.cssgridlegacy.no-cssgrid .gallery-shortcode.gallery-masonry-shortcode-id-86170ac9be451de47e8ddf67d627f80b.resize-by-browser-width .dt-css-grid {\n  margin: -15px;\n}\n.cssgridlegacy.no-cssgrid .gallery-shortcode.gallery-masonry-shortcode-id-86170ac9be451de47e8ddf67d627f80b.resize-by-browser-width .dt-css-grid .wf-cell {\n  width: 25%;\n  padding: 15px;\n}\n.cssgridlegacy.no-cssgrid .gallery-shortcode.gallery-masonry-shortcode-id-86170ac9be451de47e8ddf67d627f80b.resize-by-browser-width .dt-css-grid .wf-cell.double-width {\n  width: calc(25%) * 2;\n}\n.gallery-shortcode.gallery-masonry-shortcode-id-86170ac9be451de47e8ddf67d627f80b.resize-by-browser-width:not(.centered-layout-list):not(.content-bg-on) .dt-css-grid {\n  grid-row-gap: 30px - ;\n}\n@media screen and (max-width: 1199px) {\n  .gallery-shortcode.gallery-masonry-shortcode-id-86170ac9be451de47e8ddf67d627f80b.resize-by-browser-width .dt-css-grid {\n    grid-template-columns: repeat(4,1fr);\n  }\n  .cssgridlegacy.no-cssgrid .gallery-shortcode.gallery-masonry-shortcode-id-86170ac9be451de47e8ddf67d627f80b.resize-by-browser-width .dt-css-grid .wf-cell,\n  .no-cssgridlegacy.no-cssgrid .gallery-shortcode.gallery-masonry-shortcode-id-86170ac9be451de47e8ddf67d627f80b.resize-by-browser-width .dt-css-grid .wf-cell {\n    width: 25%;\n  }\n  .cssgridlegacy.no-cssgrid .gallery-shortcode.gallery-masonry-shortcode-id-86170ac9be451de47e8ddf67d627f80b.resize-by-browser-width .dt-css-grid .wf-cell.double-width,\n  .no-cssgridlegacy.no-cssgrid .gallery-shortcode.gallery-masonry-shortcode-id-86170ac9be451de47e8ddf67d627f80b.resize-by-browser-width .dt-css-grid .wf-cell.double-width {\n    width: calc(25%)*2;\n  }\n}\n@media screen and (max-width: 991px) {\n  .gallery-shortcode.gallery-masonry-shortcode-id-86170ac9be451de47e8ddf67d627f80b.resize-by-browser-width .dt-css-grid {\n    grid-template-columns: repeat(4,1fr);\n  }\n  .cssgridlegacy.no-cssgrid .gallery-shortcode.gallery-masonry-shortcode-id-86170ac9be451de47e8ddf67d627f80b.resize-by-browser-width .dt-css-grid .wf-cell,\n  .no-cssgridlegacy.no-cssgrid .gallery-shortcode.gallery-masonry-shortcode-id-86170ac9be451de47e8ddf67d627f80b.resize-by-browser-width .dt-css-grid .wf-cell {\n    width: 25%;\n  }\n  .cssgridlegacy.no-cssgrid .gallery-shortcode.gallery-masonry-shortcode-id-86170ac9be451de47e8ddf67d627f80b.resize-by-browser-width .dt-css-grid .wf-cell.double-width,\n  .no-cssgridlegacy.no-cssgrid .gallery-shortcode.gallery-masonry-shortcode-id-86170ac9be451de47e8ddf67d627f80b.resize-by-browser-width .dt-css-grid .wf-cell.double-width {\n    width: calc(25%)*2;\n  }\n}\n@media screen and (max-width: 767px) {\n  .gallery-shortcode.gallery-masonry-shortcode-id-86170ac9be451de47e8ddf67d627f80b.resize-by-browser-width .dt-css-grid {\n    grid-template-columns: repeat(2,1fr);\n  }\n  .cssgridlegacy.no-cssgrid .gallery-shortcode.gallery-masonry-shortcode-id-86170ac9be451de47e8ddf67d627f80b.resize-by-browser-width .dt-css-grid .wf-cell,\n  .no-cssgridlegacy.no-cssgrid .gallery-shortcode.gallery-masonry-shortcode-id-86170ac9be451de47e8ddf67d627f80b.resize-by-browser-width .dt-css-grid .wf-cell {\n    width: 50%;\n  }\n  .cssgridlegacy.no-cssgrid .gallery-shortcode.gallery-masonry-shortcode-id-86170ac9be451de47e8ddf67d627f80b.resize-by-browser-width .dt-css-grid .wf-cell.double-width,\n  .no-cssgridlegacy.no-cssgrid .gallery-shortcode.gallery-masonry-shortcode-id-86170ac9be451de47e8ddf67d627f80b.resize-by-browser-width .dt-css-grid .wf-cell.double-width {\n    width: calc(50%)*2;\n  }\n}<\/style><div class=\"gallery-shortcode dt-gallery-container gallery-masonry-shortcode-id-86170ac9be451de47e8ddf67d627f80b mode-masonry jquery-filter dt-icon-bg-off enable-bg-rollover resize-by-browser-width  hover-fade loading-effect-none description-on-hover\" data-padding=\"15px\" data-cur-page=\"1\" data-post-limit=\"-1\" data-pagination-mode=\"none\" data-desktop-columns-num=\"4\" data-v-tablet-columns-num=\"4\" data-h-tablet-columns-num=\"4\" data-phone-columns-num=\"2\" data-width=\"0px\" data-columns=\"0\"><div class=\"iso-container\" ><div class=\"wf-cell iso-item\" data-post-id=\"1622\" data-date=\"2021-04-12T11:22:00+02:00\" data-name=\"06_Hamhaff\"><figure class=\"post visible\"><a href=\"https:\/\/www.berdorfer.lu\/wp-content\/uploads\/2021\/04\/06_Hamhaff.jpg\" class=\"rollover dt-pswp-item layzr-bg\" data-large_image_width=\"1200\" data-large_image_height=\"800\" data-dt-img-description=\"\" title=\"06_Hamhaff\"><img fetchpriority=\"high\" decoding=\"async\" class=\"preload-me iso-lazy-load aspect\" src=\"data:image\/svg+xml,%3Csvg%20xmlns%3D&#39;http%3A%2F%2Fwww.w3.org%2F2000%2Fsvg&#39;%20viewBox%3D&#39;0%200%20369%20246&#39;%2F%3E\" data-src=\"https:\/\/www.berdorfer.lu\/wp-content\/uploads\/2021\/04\/06_Hamhaff-369x246.jpg\" data-srcset=\"https:\/\/www.berdorfer.lu\/wp-content\/uploads\/2021\/04\/06_Hamhaff-369x246.jpg 369w, https:\/\/www.berdorfer.lu\/wp-content\/uploads\/2021\/04\/06_Hamhaff-554x369.jpg 554w\" loading=\"eager\" style=\"--ratio: 369 \/ 246\" sizes=\"(max-width: 369px) 100vw, 369px\" alt=\"\" width=\"369\" height=\"246\"  \/><span class=\"gallery-rollover\"><\/span><\/a><\/figure><\/div><div class=\"wf-cell iso-item\" data-post-id=\"1629\" data-date=\"2021-04-12T11:22:08+02:00\" data-name=\"13_Hamhaff\"><figure class=\"post visible\"><a href=\"https:\/\/www.berdorfer.lu\/wp-content\/uploads\/2021\/04\/13_Hamhaff.jpg\" class=\"rollover dt-pswp-item layzr-bg\" data-large_image_width=\"1199\" data-large_image_height=\"800\" data-dt-img-description=\"\" title=\"13_Hamhaff\"><img decoding=\"async\" class=\"preload-me iso-lazy-load aspect\" src=\"data:image\/svg+xml,%3Csvg%20xmlns%3D&#39;http%3A%2F%2Fwww.w3.org%2F2000%2Fsvg&#39;%20viewBox%3D&#39;0%200%20369%20246&#39;%2F%3E\" data-src=\"https:\/\/www.berdorfer.lu\/wp-content\/uploads\/2021\/04\/13_Hamhaff-369x246.jpg\" data-srcset=\"https:\/\/www.berdorfer.lu\/wp-content\/uploads\/2021\/04\/13_Hamhaff-369x246.jpg 369w, https:\/\/www.berdorfer.lu\/wp-content\/uploads\/2021\/04\/13_Hamhaff-554x369.jpg 554w\" loading=\"eager\" style=\"--ratio: 369 \/ 246\" sizes=\"(max-width: 369px) 100vw, 369px\" alt=\"\" width=\"369\" height=\"246\"  \/><span class=\"gallery-rollover\"><\/span><\/a><\/figure><\/div><div class=\"wf-cell iso-item\" data-post-id=\"1617\" data-date=\"2021-04-12T11:21:55+02:00\" data-name=\"01_Hamhaff\"><figure class=\"post visible\"><a href=\"https:\/\/www.berdorfer.lu\/wp-content\/uploads\/2021\/04\/01_Hamhaff.jpg\" class=\"rollover dt-pswp-item layzr-bg\" data-large_image_width=\"1202\" data-large_image_height=\"800\" data-dt-img-description=\"\" title=\"01_Hamhaff\"><img decoding=\"async\" class=\"preload-me iso-lazy-load aspect\" src=\"data:image\/svg+xml,%3Csvg%20xmlns%3D&#39;http%3A%2F%2Fwww.w3.org%2F2000%2Fsvg&#39;%20viewBox%3D&#39;0%200%20369%20246&#39;%2F%3E\" data-src=\"https:\/\/www.berdorfer.lu\/wp-content\/uploads\/2021\/04\/01_Hamhaff-369x246.jpg\" data-srcset=\"https:\/\/www.berdorfer.lu\/wp-content\/uploads\/2021\/04\/01_Hamhaff-369x246.jpg 369w, https:\/\/www.berdorfer.lu\/wp-content\/uploads\/2021\/04\/01_Hamhaff-554x369.jpg 554w\" loading=\"eager\" style=\"--ratio: 369 \/ 246\" sizes=\"(max-width: 369px) 100vw, 369px\" alt=\"\" width=\"369\" height=\"246\"  \/><span class=\"gallery-rollover\"><\/span><\/a><\/figure><\/div><div class=\"wf-cell iso-item\" data-post-id=\"1633\" data-date=\"2021-04-12T11:22:11+02:00\" data-name=\"17_Hamhaff\"><figure class=\"post visible\"><a href=\"https:\/\/www.berdorfer.lu\/wp-content\/uploads\/2021\/04\/17_Hamhaff.jpg\" class=\"rollover dt-pswp-item layzr-bg\" data-large_image_width=\"1199\" data-large_image_height=\"800\" data-dt-img-description=\"\" title=\"17_Hamhaff\"><img decoding=\"async\" class=\"preload-me iso-lazy-load aspect\" src=\"data:image\/svg+xml,%3Csvg%20xmlns%3D&#39;http%3A%2F%2Fwww.w3.org%2F2000%2Fsvg&#39;%20viewBox%3D&#39;0%200%20369%20246&#39;%2F%3E\" data-src=\"https:\/\/www.berdorfer.lu\/wp-content\/uploads\/2021\/04\/17_Hamhaff-369x246.jpg\" data-srcset=\"https:\/\/www.berdorfer.lu\/wp-content\/uploads\/2021\/04\/17_Hamhaff-369x246.jpg 369w, https:\/\/www.berdorfer.lu\/wp-content\/uploads\/2021\/04\/17_Hamhaff-554x369.jpg 554w\" loading=\"eager\" style=\"--ratio: 369 \/ 246\" sizes=\"(max-width: 369px) 100vw, 369px\" alt=\"\" width=\"369\" height=\"246\"  \/><span class=\"gallery-rollover\"><\/span><\/a><\/figure><\/div><div class=\"wf-cell iso-item\" data-post-id=\"1635\" data-date=\"2021-04-12T11:22:12+02:00\" data-name=\"19_Hamhaff\"><figure class=\"post visible\"><a href=\"https:\/\/www.berdorfer.lu\/wp-content\/uploads\/2021\/04\/19_Hamhaff.jpg\" class=\"rollover dt-pswp-item layzr-bg\" data-large_image_width=\"1199\" data-large_image_height=\"800\" data-dt-img-description=\"\" title=\"19_Hamhaff\"><img decoding=\"async\" class=\"preload-me iso-lazy-load aspect\" src=\"data:image\/svg+xml,%3Csvg%20xmlns%3D&#39;http%3A%2F%2Fwww.w3.org%2F2000%2Fsvg&#39;%20viewBox%3D&#39;0%200%20369%20246&#39;%2F%3E\" data-src=\"https:\/\/www.berdorfer.lu\/wp-content\/uploads\/2021\/04\/19_Hamhaff-369x246.jpg\" data-srcset=\"https:\/\/www.berdorfer.lu\/wp-content\/uploads\/2021\/04\/19_Hamhaff-369x246.jpg 369w, https:\/\/www.berdorfer.lu\/wp-content\/uploads\/2021\/04\/19_Hamhaff-554x369.jpg 554w\" loading=\"eager\" style=\"--ratio: 369 \/ 246\" sizes=\"(max-width: 369px) 100vw, 369px\" alt=\"\" width=\"369\" height=\"246\"  \/><span class=\"gallery-rollover\"><\/span><\/a><\/figure><\/div><div class=\"wf-cell iso-item\" data-post-id=\"1623\" data-date=\"2021-04-12T11:22:01+02:00\" data-name=\"07_Hamhaff\"><figure class=\"post visible\"><a href=\"https:\/\/www.berdorfer.lu\/wp-content\/uploads\/2021\/04\/07_Hamhaff.jpg\" class=\"rollover dt-pswp-item layzr-bg\" data-large_image_width=\"1200\" data-large_image_height=\"800\" data-dt-img-description=\"\" title=\"07_Hamhaff\"><img decoding=\"async\" class=\"preload-me iso-lazy-load aspect\" src=\"data:image\/svg+xml,%3Csvg%20xmlns%3D&#39;http%3A%2F%2Fwww.w3.org%2F2000%2Fsvg&#39;%20viewBox%3D&#39;0%200%20369%20246&#39;%2F%3E\" data-src=\"https:\/\/www.berdorfer.lu\/wp-content\/uploads\/2021\/04\/07_Hamhaff-369x246.jpg\" data-srcset=\"https:\/\/www.berdorfer.lu\/wp-content\/uploads\/2021\/04\/07_Hamhaff-369x246.jpg 369w, https:\/\/www.berdorfer.lu\/wp-content\/uploads\/2021\/04\/07_Hamhaff-554x369.jpg 554w\" loading=\"eager\" style=\"--ratio: 369 \/ 246\" sizes=\"(max-width: 369px) 100vw, 369px\" alt=\"\" width=\"369\" height=\"246\"  \/><span class=\"gallery-rollover\"><\/span><\/a><\/figure><\/div><div class=\"wf-cell iso-item\" data-post-id=\"1639\" data-date=\"2021-04-12T11:22:15+02:00\" data-name=\"23_Hamhaff\"><figure class=\"post visible\"><a href=\"https:\/\/www.berdorfer.lu\/wp-content\/uploads\/2021\/04\/23_Hamhaff.jpg\" class=\"rollover dt-pswp-item layzr-bg\" data-large_image_width=\"1199\" data-large_image_height=\"800\" data-dt-img-description=\"\" title=\"23_Hamhaff\"><img decoding=\"async\" class=\"preload-me iso-lazy-load aspect\" src=\"data:image\/svg+xml,%3Csvg%20xmlns%3D&#39;http%3A%2F%2Fwww.w3.org%2F2000%2Fsvg&#39;%20viewBox%3D&#39;0%200%20369%20246&#39;%2F%3E\" data-src=\"https:\/\/www.berdorfer.lu\/wp-content\/uploads\/2021\/04\/23_Hamhaff-369x246.jpg\" data-srcset=\"https:\/\/www.berdorfer.lu\/wp-content\/uploads\/2021\/04\/23_Hamhaff-369x246.jpg 369w, https:\/\/www.berdorfer.lu\/wp-content\/uploads\/2021\/04\/23_Hamhaff-554x369.jpg 554w\" loading=\"eager\" style=\"--ratio: 369 \/ 246\" sizes=\"(max-width: 369px) 100vw, 369px\" alt=\"\" width=\"369\" height=\"246\"  \/><span class=\"gallery-rollover\"><\/span><\/a><\/figure><\/div><div class=\"wf-cell iso-item\" data-post-id=\"1621\" data-date=\"2021-04-12T11:21:58+02:00\" data-name=\"05_Hamhaff\"><figure class=\"post visible\"><a href=\"https:\/\/www.berdorfer.lu\/wp-content\/uploads\/2021\/04\/05_Hamhaff.jpg\" class=\"rollover dt-pswp-item layzr-bg\" data-large_image_width=\"1200\" data-large_image_height=\"800\" data-dt-img-description=\"\" title=\"05_Hamhaff\"><img decoding=\"async\" class=\"preload-me iso-lazy-load aspect\" src=\"data:image\/svg+xml,%3Csvg%20xmlns%3D&#39;http%3A%2F%2Fwww.w3.org%2F2000%2Fsvg&#39;%20viewBox%3D&#39;0%200%20369%20246&#39;%2F%3E\" data-src=\"https:\/\/www.berdorfer.lu\/wp-content\/uploads\/2021\/04\/05_Hamhaff-369x246.jpg\" data-srcset=\"https:\/\/www.berdorfer.lu\/wp-content\/uploads\/2021\/04\/05_Hamhaff-369x246.jpg 369w, https:\/\/www.berdorfer.lu\/wp-content\/uploads\/2021\/04\/05_Hamhaff-554x369.jpg 554w\" loading=\"eager\" style=\"--ratio: 369 \/ 246\" sizes=\"(max-width: 369px) 100vw, 369px\" alt=\"\" width=\"369\" height=\"246\"  \/><span class=\"gallery-rollover\"><\/span><\/a><\/figure><\/div><div class=\"wf-cell iso-item\" data-post-id=\"1619\" data-date=\"2021-04-12T11:21:56+02:00\" data-name=\"03_Hamhaff\"><figure class=\"post visible\"><a href=\"https:\/\/www.berdorfer.lu\/wp-content\/uploads\/2021\/04\/03_Hamhaff.jpg\" class=\"rollover dt-pswp-item layzr-bg\" data-large_image_width=\"800\" data-large_image_height=\"1200\" data-dt-img-description=\"\" title=\"03_Hamhaff\"><img decoding=\"async\" class=\"preload-me iso-lazy-load aspect\" src=\"data:image\/svg+xml,%3Csvg%20xmlns%3D&#39;http%3A%2F%2Fwww.w3.org%2F2000%2Fsvg&#39;%20viewBox%3D&#39;0%200%20369%20246&#39;%2F%3E\" data-src=\"https:\/\/www.berdorfer.lu\/wp-content\/uploads\/2021\/04\/03_Hamhaff-369x246.jpg\" data-srcset=\"https:\/\/www.berdorfer.lu\/wp-content\/uploads\/2021\/04\/03_Hamhaff-369x246.jpg 369w, https:\/\/www.berdorfer.lu\/wp-content\/uploads\/2021\/04\/03_Hamhaff-554x369.jpg 554w\" loading=\"eager\" style=\"--ratio: 369 \/ 246\" sizes=\"(max-width: 369px) 100vw, 369px\" alt=\"\" width=\"369\" height=\"246\"  \/><span class=\"gallery-rollover\"><\/span><\/a><\/figure><\/div><div class=\"wf-cell iso-item\" data-post-id=\"1634\" data-date=\"2021-04-12T11:22:12+02:00\" data-name=\"18_Hamhaff\"><figure class=\"post visible\"><a href=\"https:\/\/www.berdorfer.lu\/wp-content\/uploads\/2021\/04\/18_Hamhaff.jpg\" class=\"rollover dt-pswp-item layzr-bg\" data-large_image_width=\"1199\" data-large_image_height=\"800\" data-dt-img-description=\"\" title=\"18_Hamhaff\"><img decoding=\"async\" class=\"preload-me iso-lazy-load aspect\" src=\"data:image\/svg+xml,%3Csvg%20xmlns%3D&#39;http%3A%2F%2Fwww.w3.org%2F2000%2Fsvg&#39;%20viewBox%3D&#39;0%200%20369%20246&#39;%2F%3E\" data-src=\"https:\/\/www.berdorfer.lu\/wp-content\/uploads\/2021\/04\/18_Hamhaff-369x246.jpg\" data-srcset=\"https:\/\/www.berdorfer.lu\/wp-content\/uploads\/2021\/04\/18_Hamhaff-369x246.jpg 369w, https:\/\/www.berdorfer.lu\/wp-content\/uploads\/2021\/04\/18_Hamhaff-554x369.jpg 554w\" loading=\"eager\" style=\"--ratio: 369 \/ 246\" sizes=\"(max-width: 369px) 100vw, 369px\" alt=\"\" width=\"369\" height=\"246\"  \/><span class=\"gallery-rollover\"><\/span><\/a><\/figure><\/div><div class=\"wf-cell iso-item\" data-post-id=\"1626\" data-date=\"2021-04-12T11:22:04+02:00\" data-name=\"10_Hamhaff\"><figure class=\"post visible\"><a href=\"https:\/\/www.berdorfer.lu\/wp-content\/uploads\/2021\/04\/10_Hamhaff.jpg\" class=\"rollover dt-pswp-item layzr-bg\" data-large_image_width=\"1199\" data-large_image_height=\"800\" data-dt-img-description=\"\" title=\"10_Hamhaff\"><img decoding=\"async\" class=\"preload-me iso-lazy-load aspect\" src=\"data:image\/svg+xml,%3Csvg%20xmlns%3D&#39;http%3A%2F%2Fwww.w3.org%2F2000%2Fsvg&#39;%20viewBox%3D&#39;0%200%20369%20246&#39;%2F%3E\" data-src=\"https:\/\/www.berdorfer.lu\/wp-content\/uploads\/2021\/04\/10_Hamhaff-369x246.jpg\" data-srcset=\"https:\/\/www.berdorfer.lu\/wp-content\/uploads\/2021\/04\/10_Hamhaff-369x246.jpg 369w, https:\/\/www.berdorfer.lu\/wp-content\/uploads\/2021\/04\/10_Hamhaff-554x369.jpg 554w\" loading=\"eager\" style=\"--ratio: 369 \/ 246\" sizes=\"(max-width: 369px) 100vw, 369px\" alt=\"\" width=\"369\" height=\"246\"  \/><span class=\"gallery-rollover\"><\/span><\/a><\/figure><\/div><div class=\"wf-cell iso-item\" data-post-id=\"1630\" data-date=\"2021-04-12T11:22:08+02:00\" data-name=\"14_Hamhaff\"><figure class=\"post visible\"><a href=\"https:\/\/www.berdorfer.lu\/wp-content\/uploads\/2021\/04\/14_Hamhaff.jpg\" class=\"rollover dt-pswp-item layzr-bg\" data-large_image_width=\"1199\" data-large_image_height=\"800\" data-dt-img-description=\"\" title=\"14_Hamhaff\"><img decoding=\"async\" class=\"preload-me iso-lazy-load aspect\" src=\"data:image\/svg+xml,%3Csvg%20xmlns%3D&#39;http%3A%2F%2Fwww.w3.org%2F2000%2Fsvg&#39;%20viewBox%3D&#39;0%200%20369%20246&#39;%2F%3E\" data-src=\"https:\/\/www.berdorfer.lu\/wp-content\/uploads\/2021\/04\/14_Hamhaff-369x246.jpg\" data-srcset=\"https:\/\/www.berdorfer.lu\/wp-content\/uploads\/2021\/04\/14_Hamhaff-369x246.jpg 369w, https:\/\/www.berdorfer.lu\/wp-content\/uploads\/2021\/04\/14_Hamhaff-554x369.jpg 554w\" loading=\"eager\" style=\"--ratio: 369 \/ 246\" sizes=\"(max-width: 369px) 100vw, 369px\" alt=\"\" width=\"369\" height=\"246\"  \/><span class=\"gallery-rollover\"><\/span><\/a><\/figure><\/div><\/div><!-- iso-container|iso-grid --><\/div>[\/vc_column][\/vc_row][vc_row][vc_column][vc_empty_space height=\u00a0\u00bb50px\u00a0\u00bb][\/vc_column][\/vc_row]<\/p>\n<\/div>","protected":false},"excerpt":{"rendered":"<p>[vc_row el_class=\u00a0\u00bbtopbox\u00a0\u00bb][vc_column el_class=\u00a0\u00bbbreadcrump\u00a0\u00bb][\/vc_column][\/vc_row][vc_row][vc_column][vc_empty_space height=\u00a0\u00bb50px\u00a0\u00bb][\/vc_column][\/vc_row][vc_row][vc_column width=\u00a0\u00bb1\/4&Prime;][\/vc_column][vc_column width=\u00a0\u00bb1\/2&Prime;][vc_custom_heading text=\u00a0\u00bbAnimaux et \u00e9levage\u00a0\u00bb font_container=\u00a0\u00bbtag:h1|text_align:center\u00a0\u00bb use_theme_fonts=\u00a0\u00bbyes\u00a0\u00bb][vc_column_text] La famille Schmalen fait de l\u2019agriculture depuis plusieurs g\u00e9n\u00e9rations. De l&rsquo;\u00e9poque de notre grand-p\u00e8re jusqu&rsquo;\u00e0 aujourd&rsquo;hui, nos vaches ont&hellip;<\/p>\n","protected":false},"author":1,"featured_media":0,"parent":0,"menu_order":0,"comment_status":"closed","ping_status":"closed","template":"","meta":{"_price":"","_stock":"","_tribe_ticket_header":"","_tribe_default_ticket_provider":"","_tribe_ticket_capacity":"0","_ticket_start_date":"","_ticket_end_date":"","_tribe_ticket_show_description":"","_tribe_ticket_show_not_going":false,"_tribe_ticket_use_global_stock":"","_tribe_ticket_global_stock_level":"","_global_stock_mode":"","_global_stock_cap":"","_tribe_rsvp_for_event":"","_tribe_ticket_going_count":"","_tribe_ticket_not_going_count":"","_tribe_tickets_list":"[]","_tribe_ticket_has_attendee_info_fields":false,"footnotes":"","_tec_slr_enabled":"","_tec_slr_layout":""},"class_list":["post-2136","page","type-page","status-publish","hentry","description-off"],"ticketed":false,"_links":{"self":[{"href":"https:\/\/www.berdorfer.lu\/fr\/wp-json\/wp\/v2\/pages\/2136","targetHints":{"allow":["GET"]}}],"collection":[{"href":"https:\/\/www.berdorfer.lu\/fr\/wp-json\/wp\/v2\/pages"}],"about":[{"href":"https:\/\/www.berdorfer.lu\/fr\/wp-json\/wp\/v2\/types\/page"}],"author":[{"embeddable":true,"href":"https:\/\/www.berdorfer.lu\/fr\/wp-json\/wp\/v2\/users\/1"}],"replies":[{"embeddable":true,"href":"https:\/\/www.berdorfer.lu\/fr\/wp-json\/wp\/v2\/comments?post=2136"}],"version-history":[{"count":5,"href":"https:\/\/www.berdorfer.lu\/fr\/wp-json\/wp\/v2\/pages\/2136\/revisions"}],"predecessor-version":[{"id":2141,"href":"https:\/\/www.berdorfer.lu\/fr\/wp-json\/wp\/v2\/pages\/2136\/revisions\/2141"}],"wp:attachment":[{"href":"https:\/\/www.berdorfer.lu\/fr\/wp-json\/wp\/v2\/media?parent=2136"}],"curies":[{"name":"wp","href":"https:\/\/api.w.org\/{rel}","templated":true}]}}